{"id":2985,"date":"2021-09-13T23:41:55","date_gmt":"2021-09-13T21:41:55","guid":{"rendered":"https:\/\/dev.fairever-events.com\/?page_id=2985"},"modified":"2021-10-28T15:31:12","modified_gmt":"2021-10-28T13:31:12","slug":"jobs","status":"publish","type":"page","link":"https:\/\/www.fairever-events.com\/es\/jobs\/","title":{"rendered":"Carreras de eventos y promoci\u00f3n | FAIREVER"},"content":{"rendered":"\n  <div class=\"banner has-hover menu-sec-main digital-page\" id=\"banner-338432960\">\n          <div class=\"banner-inner fill\">\n        <div class=\"banner-bg fill\" >\n            <img loading=\"lazy\" decoding=\"async\" width=\"1600\" height=\"1200\" src=\"https:\/\/www.fairever-events.com\/wp-content\/uploads\/2021\/09\/Header-Bild_-Jobs_-Alternative-2.jpeg\" class=\"bg attachment-original size-original\" alt=\"\" \/>                        <div class=\"overlay\"><\/div>            \n                    <\/div>\n\t\t\n        <div class=\"banner-layers container\">\n            <div class=\"fill banner-link\"><\/div>            \n<p>\n   <div id=\"text-box-244694778\" class=\"text-box banner-layer banner-text use-ban-bottom-us-jobs x5 md-x5 lg-x5 y50 md-y50 lg-y50 res-text\">\n                                <div class=\"text-box-content text \">\n              \n              <div class=\"text-inner text-left\">\n                  \n<h2><span style=\"color: #ffffff; font-size: 5rem; line-height: 80px;\">Tenemos trabajos.<\/span><\/h2>\n<h3><span style=\"font-size: 5rem; color: #5bff45;\">Pero de verdad.<\/span><\/h3>\n\t<div id=\"text-3335874681\" class=\"text banner-list\">\n\t\t\r\n\r\n<ul>\r\n<li>consulta individual<\/li>\r\n<li>Disponibilidad 24\/7<\/li>\r\n<li>servicio sostenible<\/li>\r\n<\/ul>\r\n\t\t\t<\/div>\n\t\n              <\/div>\n           <\/div>\n                            \n<style>\n#text-box-244694778 {\n  width: 96%;\n}\n#text-box-244694778 .text-box-content {\n  font-size: 100%;\n}\n@media (min-width:550px) {\n  #text-box-244694778 {\n    width: 87%;\n  }\n}\n<\/style>\n    <\/div>\n \n<\/p>\n   <div id=\"text-box-1073085476\" class=\"text-box banner-layer banner-box222 x50 md-x50 lg-x50 y50 md-y50 lg-y50 res-text\">\n                                <div class=\"text-box-content text dark\">\n              \n              <div class=\"text-inner text-center\">\n                  \n<p>\n\t<div id=\"text-2958820434\" class=\"text circle-box\">\n\t\t\n<p class=\"title\" style=\"text-align: center;\">Asesoramiento personal<\/p>\n<p class=\"phone\" style=\"text-align: center;\">+49 30 89 74 26 90<\/p>\n\t\t\t<\/div>\n\t\n<\/p>\n              <\/div>\n           <\/div>\n                            \n<style>\n#text-box-1073085476 {\n  width: 60%;\n}\n#text-box-1073085476 .text-box-content {\n  font-size: 100%;\n}\n<\/style>\n    <\/div>\n \n<\/p>\n        <\/div>\n      <\/div>\n\n            \n<style>\n#banner-338432960 {\n  padding-top: 591px;\n}\n#banner-338432960 .overlay {\n  background-color: rgba(0, 0, 0, 0.157);\n}\n@media (min-width:850px) {\n  #banner-338432960 {\n    padding-top: 891px;\n  }\n}\n<\/style>\n  <\/div>\n\n\n<div class=\"row align-middle head-text-row-space\"  id=\"row-1099475202\">\n<p>\n\n\t<div id=\"col-507354300\" class=\"col medium-12 small-12 large-6\"  >\n\t\t\t\t<div class=\"col-inner\"  >\n\t\t\t\n\t\t\t\n<p>\n\t<div id=\"text-1519507493\" class=\"text left-head-col\">\n\t\t\n<h2 class=\"\"><em><strong><span style=\"color: #001a3c; font-size: 50px; padding-right: 87px; display: inline-block;\">\u00bfBusca trabajo? <span style=\"color: #5bff45;\">Tenemos unos cuantos en la rec\u00e1mara.<\/span><\/span><\/strong><\/em><\/h2>\n<p>\u00a0<\/p>\n\t\t\t<\/div>\n\t\n<\/p>\n\t\t<\/div>\n\t\t\t\t\n<style>\n#col-507354300 > .col-inner {\n  padding: 0px 0px 0px 0px;\n  margin: -50px 0px 0px 0px;\n}\n@media (min-width:550px) {\n  #col-507354300 > .col-inner {\n    margin: -110px 0px 0px 0px;\n  }\n}\n<\/style>\n\t<\/div>\n\n\t\n<\/p>\n\n\t<div id=\"col-928539576\" class=\"col medium-12 small-12 large-6\"  >\n\t\t\t\t<div class=\"col-inner\"  >\n\t\t\t\n\t\t\t\n<p>\n\t<div id=\"text-4095255523\" class=\"text custom-p-mab-set-mob\">\n\t\t\n<p>\u00danete a nuestro equipo de la agencia.<br \/>\nTe ofrecemos unas condiciones de trabajo justas en un equipo vivo y comprometido. Si cumples con los requisitos necesarios, esperamos darte la bienvenida a nuestra empresa abierta y moderna.<\/p>\n\t\t\t<\/div>\n\t\n<\/p>\n\t\t<\/div>\n\t\t\t\t\n<style>\n#col-928539576 > .col-inner {\n  margin: 0px 0px 10px 0px;\n}\n@media (min-width:550px) {\n  #col-928539576 > .col-inner {\n    margin: -113px 0px 0px 0px;\n  }\n}\n<\/style>\n\t<\/div>\n\n\t\n<\/p>\n<\/div>\n<div class=\"row align-middle head-text-row-space\"  id=\"row-338040227\">\n<p>\n\n\t<div id=\"col-908434836\" class=\"col medium-12 small-12 large-6\"  >\n\t\t\t\t<div class=\"col-inner\"  >\n\t\t\t\n\t\t\t\n<p>\n\t<div id=\"text-292022020\" class=\"text left-head-col\">\n\t\t\n<h2 class=\"\"><em><strong><span style=\"color: #001a3c; font-size: 50px; padding-right: 87px; display: inline-block;\">\u00a1Te buscamos!<\/span><\/strong><\/em><\/h2>\n<p><strong><span style=\"color: #5bff45;\">Para eventos, ferias, congresos, galas, inauguraciones de sucursales, promociones y mucho m\u00e1s.<\/span><\/strong><\/p>\n\t\t\t<\/div>\n\t\n<\/p>\n\t\t<\/div>\n\t\t\t\t\n<style>\n#col-908434836 > .col-inner {\n  margin: -50px 0px 0px 0px;\n}\n@media (min-width:550px) {\n  #col-908434836 > .col-inner {\n    margin: -121px 0px 0px 0px;\n  }\n}\n<\/style>\n\t<\/div>\n\n\t\n<\/p>\n\n\t<div id=\"col-26170557\" class=\"col medium-12 small-12 large-6\"  >\n\t\t\t\t<div class=\"col-inner\"  >\n\t\t\t\n\t\t\t\n<p>\n\t<div id=\"text-243035436\" class=\"text custom-p-mab-set-mob\">\n\t\t\n<p>Como azafata\/azafato contratado a corto plazo, te ofrecemos<br \/>\nuna amplia protecci\u00f3n jur\u00eddica y te aseguramos mientras trabajas. Todo ello con una remuneraci\u00f3n justa. \u00bfEres simp\u00e1tico\/a, tienes una buena formaci\u00f3n general y hablas al menos dos idiomas? Entonces, presenta tu solicitud ahora: \u00a1damos la bienvenida a todos los talentos!<br \/>\n\t\t\t<\/div>\n\t\n<\/p>\n\t\t<\/div>\n\t\t\t\t\n<style>\n#col-26170557 > .col-inner {\n  padding: 0px 0px 0px 0px;\n  margin: 0px 0px 10px 0px;\n}\n@media (min-width:550px) {\n  #col-26170557 > .col-inner {\n    margin: 0px 0px 0px 0;\n  }\n}\n@media (min-width:850px) {\n  #col-26170557 > .col-inner {\n    margin: -120px 0px 0px 0px;\n  }\n}\n<\/style>\n\t<\/div>\n\n\t\n<\/p>\n<\/div>\n\n\t<section class=\"section offer-section-mt\" id=\"section_1796415810\">\n\t\t<div class=\"section-bg fill\" >\n\t\t\t\t\t\t\t\t\t\n\t\t\t\n\n\t\t<\/div>\n\n\t\t\n\n\t\t<div class=\"section-content relative\">\n\t\t\t\n<p>\n<div class=\"row row-full-width align-middle new-class-add-um-btn fair-box1\"  id=\"row-611006484\">\n<p>\n\n\t<div id=\"col-461712860\" class=\"col medium-12 small-12 large-6\"  >\n\t\t\t\t<div class=\"col-inner\"  >\n\t\t\t\n\t\t\t\n<p>\n\t<div class=\"img has-hover x md-x lg-x y md-y lg-y\" id=\"image_7699738\">\n\t\t\t\t\t\t\t\t<div class=\"img-inner dark\" >\n\t\t\t<img loading=\"lazy\" decoding=\"async\" width=\"1020\" height=\"680\" src=\"https:\/\/www.fairever-events.com\/wp-content\/uploads\/2021\/07\/Fairever_People_Messe_Hostessen_Messe_Hosts-1024x683.jpeg\" class=\"attachment-large size-large\" alt=\"\" srcset=\"https:\/\/www.fairever-events.com\/wp-content\/uploads\/2021\/07\/Fairever_People_Messe_Hostessen_Messe_Hosts-1024x683.jpeg 1024w, https:\/\/www.fairever-events.com\/wp-content\/uploads\/2021\/07\/Fairever_People_Messe_Hostessen_Messe_Hosts-300x200.jpeg 300w, https:\/\/www.fairever-events.com\/wp-content\/uploads\/2021\/07\/Fairever_People_Messe_Hostessen_Messe_Hosts-768x512.jpeg 768w, https:\/\/www.fairever-events.com\/wp-content\/uploads\/2021\/07\/Fairever_People_Messe_Hostessen_Messe_Hosts-1536x1025.jpeg 1536w, https:\/\/www.fairever-events.com\/wp-content\/uploads\/2021\/07\/Fairever_People_Messe_Hostessen_Messe_Hosts-2048x1366.jpeg 2048w\" sizes=\"auto, (max-width: 1020px) 100vw, 1020px\" \/>\t\t\t\t\t\t\n\t\t\t\t\t<\/div>\n\t\t\t\t\t\t\t\t\n<style>\n#image_7699738 {\n  width: 100%;\n}\n<\/style>\n\t<\/div>\n\t\n\t\t<\/div>\n\t\t\t\t\t<\/div>\n\n\t\n<\/p>\n\n\t<div id=\"col-2090249083\" class=\"col medium-12 small-12 large-6\"  >\n\t\t\t\t<div class=\"col-inner text-left\"  >\n\t\t\t\n\t\t\t\n<p>\n\t<div id=\"text-3044528230\" class=\"text offer-box-new-us-job\">\n\t\t\n<h2><strong><em>Forma Parte del Equipe &#8211;<span style=\"color: #5bff45;\"><br \/>\n\u00a1Env\u00eda tu solicitud ahora!<\/span><\/em><\/strong><\/h2>\n<p>\n\t\t\n<style>\n#text-3044528230 {\n  text-align: left;\n}\n<\/style>\n\t<\/div>\n\t\n<\/p>\n<a href=\"https:\/\/www.fairever-events.com\/es\/job-form\/\" class=\"button secondary is-larger offer-btn job-btn\" style=\"border-radius:99px;\">\n\t\t<span>Cont\u00e1ctenos<\/span>\n\t<\/a>\n\n\t\t<\/div>\n\t\t\t\t\n<style>\n#col-2090249083 > .col-inner {\n  padding: 0px 0px 0px 0;\n  margin: 0px 0px 20px 0px;\n}\n@media (min-width:550px) {\n  #col-2090249083 > .col-inner {\n    margin: 43px 0px 0px 0px;\n  }\n}\n@media (min-width:850px) {\n  #col-2090249083 > .col-inner {\n    padding: 0px 0px 0px 182px;\n  }\n}\n<\/style>\n\t<\/div>\n\n\t\n<\/p>\n\n<style>\n#row-611006484 > .col > .col-inner {\n  background-color: rgb(243, 243, 243);\n}\n<\/style>\n<\/div>\n<\/p>\n\t\t<\/div>\n\n\t\t\n<style>\n#section_1796415810 {\n  padding-top: 30px;\n  padding-bottom: 30px;\n  background-color: rgb(243, 243, 243);\n}\n<\/style>\n\t<\/section>\n\t\n\n\t<section class=\"section brands-logo-sec show-for-small\" id=\"section_252783130\">\n\t\t<div class=\"section-bg fill\" >\n\t\t\t\t\t\t\t\t\t\n\t\t\t\n\n\t\t<\/div>\n\n\t\t\n\n\t\t<div class=\"section-content relative\">\n\t\t\t\n<p>\n\t<div id=\"gap-1810140750\" class=\"gap-element clearfix\" style=\"display:block; height:auto;\">\n\t\t\n<style>\n#gap-1810140750 {\n  padding-top: 0px;\n}\n@media (min-width:550px) {\n  #gap-1810140750 {\n    padding-top: 0px;\n  }\n}\n@media (min-width:850px) {\n  #gap-1810140750 {\n    padding-top: 0px;\n  }\n}\n<\/style>\n\t<\/div>\n\t\n<p>\n<div class=\"row align-center show-for-small\"  id=\"row-1020484842\">\n<p>\n\n\t<div id=\"col-608096306\" class=\"col small-12 large-12\"  >\n\t\t\t\t<div class=\"col-inner text-center\"  >\n\t\t\t\n\t\t\t\n<p><span style=\"font-size: xx-large;\">Unsere Kunden<\/span><\/p>\n\t\t<\/div>\n\t\t\t\t\n<style>\n#col-608096306 > .col-inner {\n  margin: -15px 0px -20px 0px;\n}\n<\/style>\n\t<\/div>\n\n\t\n<\/p>\n<\/div>\n<\/p>\n\t<div id=\"stack-2925493801\" class=\"stack brand-logs-list stack-row justify-center items-center\">\n\t\t\n\t<div id=\"text-3042345393\" class=\"text\">\n\t\t\n<p>\n\t\t\t<\/div>\n\t\n\t<div class=\"img has-hover hide-for-medium x md-x lg-x y md-y lg-y\" id=\"image_537604540\">\n\t\t\t\t\t\t\t\t<div class=\"img-inner dark\" >\n\t\t\t<img loading=\"lazy\" decoding=\"async\" width=\"151\" height=\"28\" src=\"https:\/\/www.fairever-events.com\/wp-content\/uploads\/2021\/07\/Unsere-Kunden.png\" class=\"attachment-large size-large\" alt=\"\" \/>\t\t\t\t\t\t\n\t\t\t\t\t<\/div>\n\t\t\t\t\t\t\t\t\n<style>\n#image_537604540 {\n  width: 100%;\n}\n<\/style>\n\t<\/div>\n\t\n\t<div id=\"text-2051405668\" class=\"text\">\n\t\t\n<p>\n\t\t\t<\/div>\n\t\n\t<div class=\"img has-hover x md-x lg-x y md-y lg-y\" id=\"image_1567763934\">\n\t\t\t\t\t\t\t\t<div class=\"img-inner dark\" >\n\t\t\t<img loading=\"lazy\" decoding=\"async\" width=\"134\" height=\"32\" src=\"https:\/\/www.fairever-events.com\/wp-content\/uploads\/2021\/08\/bosch-1-logo-png-transparent.png\" class=\"attachment-large size-large\" alt=\"\" \/>\t\t\t\t\t\t\n\t\t\t\t\t<\/div>\n\t\t\t\t\t\t\t\t\n<style>\n#image_1567763934 {\n  width: 100%;\n}\n<\/style>\n\t<\/div>\n\t\n\t<div id=\"text-3279919089\" class=\"text\">\n\t\t\n<p>\n\t\t\t<\/div>\n\t\n\t<div class=\"img has-hover x md-x lg-x y md-y lg-y\" id=\"image_717824479\">\n\t\t\t\t\t\t\t\t<div class=\"img-inner dark\" >\n\t\t\t<img loading=\"lazy\" decoding=\"async\" width=\"75\" height=\"72\" src=\"https:\/\/www.fairever-events.com\/wp-content\/uploads\/2021\/07\/Component-27-\u2013-1.png\" class=\"attachment-large size-large\" alt=\"\" \/>\t\t\t\t\t\t\n\t\t\t\t\t<\/div>\n\t\t\t\t\t\t\t\t\n<style>\n#image_717824479 {\n  width: 100%;\n}\n<\/style>\n\t<\/div>\n\t\n\t<div id=\"text-1531396576\" class=\"text\">\n\t\t\n<p>\n\t\t\t<\/div>\n\t\n\t<div class=\"img has-hover x md-x lg-x y md-y lg-y\" id=\"image_1449708882\">\n\t\t\t\t\t\t\t\t<div class=\"img-inner dark\" >\n\t\t\t<img loading=\"lazy\" decoding=\"async\" width=\"208\" height=\"32\" src=\"https:\/\/www.fairever-events.com\/wp-content\/uploads\/2021\/07\/Component-28-\u2013-1.png\" class=\"attachment-large size-large\" alt=\"\" \/>\t\t\t\t\t\t\n\t\t\t\t\t<\/div>\n\t\t\t\t\t\t\t\t\n<style>\n#image_1449708882 {\n  width: 100%;\n}\n<\/style>\n\t<\/div>\n\t\n\t<div id=\"text-154944863\" class=\"text\">\n\t\t\n<p>\n\t\t\t<\/div>\n\t\n\t<div class=\"img has-hover x md-x lg-x y md-y lg-y\" id=\"image_2002874728\">\n\t\t\t\t\t\t\t\t<div class=\"img-inner dark\" >\n\t\t\t<img loading=\"lazy\" decoding=\"async\" width=\"111\" height=\"88\" src=\"https:\/\/www.fairever-events.com\/wp-content\/uploads\/2021\/07\/967px-SEAT_Logo_from_2017.svg.png\" class=\"attachment-large size-large\" alt=\"\" \/>\t\t\t\t\t\t\n\t\t\t\t\t<\/div>\n\t\t\t\t\t\t\t\t\n<style>\n#image_2002874728 {\n  width: 100%;\n}\n<\/style>\n\t<\/div>\n\t\n\t<div id=\"text-3663945411\" class=\"text\">\n\t\t\n<p>\n\t\t\t<\/div>\n\t\n\t<div class=\"img has-hover x md-x lg-x y md-y lg-y\" id=\"image_1381706919\">\n\t\t\t\t\t\t\t\t<div class=\"img-inner dark\" >\n\t\t\t<img loading=\"lazy\" decoding=\"async\" width=\"261\" height=\"41\" src=\"https:\/\/www.fairever-events.com\/wp-content\/uploads\/2021\/07\/Component-29-\u2013-1.png\" class=\"attachment-large size-large\" alt=\"\" \/>\t\t\t\t\t\t\n\t\t\t\t\t<\/div>\n\t\t\t\t\t\t\t\t\n<style>\n#image_1381706919 {\n  width: 100%;\n}\n<\/style>\n\t<\/div>\n\t\n\t<div id=\"text-3620999338\" class=\"text\">\n\t\t\n<p>\n\t\t\t<\/div>\n\t\n\t<div class=\"img has-hover x md-x lg-x y md-y lg-y\" id=\"image_250516471\">\n\t\t\t\t\t\t\t\t<div class=\"img-inner dark\" style=\"margin:46px 0px 0px 0px;\">\n\t\t\t<img loading=\"lazy\" decoding=\"async\" width=\"209\" height=\"65\" src=\"https:\/\/www.fairever-events.com\/wp-content\/uploads\/2021\/07\/2000px-Berliner-wasserbetriebe.svg.png\" class=\"attachment-original size-original\" alt=\"\" \/>\t\t\t\t\t\t\n\t\t\t\t\t<\/div>\n\t\t\t\t\t\t\t\t\n<style>\n#image_250516471 {\n  width: 100%;\n}\n<\/style>\n\t<\/div>\n\t\n\t<div id=\"text-1411585525\" class=\"text\">\n\t\t\n<p>\n\t\t\t<\/div>\n\t\n\t\t\n<style>\n#stack-2925493801 > * {\n  --stack-gap: 1rem;\n}\n<\/style>\n\t<\/div>\n\t\n<\/p>\n\t<div id=\"gap-2087239487\" class=\"gap-element clearfix\" style=\"display:block; height:auto;\">\n\t\t\n<style>\n#gap-2087239487 {\n  padding-top: 0px;\n}\n@media (min-width:550px) {\n  #gap-2087239487 {\n    padding-top: 94px;\n  }\n}\n@media (min-width:850px) {\n  #gap-2087239487 {\n    padding-top: 0px;\n  }\n}\n<\/style>\n\t<\/div>\n\t\n\t\t<\/div>\n\n\t\t\n<style>\n#section_252783130 {\n  padding-top: 0px;\n  padding-bottom: 0px;\n  background-color: rgb(243, 243, 243);\n}\n<\/style>\n\t<\/section>\n\t\n\t<div id=\"gap-111472923\" class=\"gap-element clearfix\" style=\"display:block; height:auto;\">\n\t\t\n<style>\n#gap-111472923 {\n  padding-top: 0px;\n}\n@media (min-width:550px) {\n  #gap-111472923 {\n    padding-top: 63px;\n  }\n}\n<\/style>\n\t<\/div>\n\t\n\n\t<section class=\"section brands-logo-sec hide-for-small\" id=\"section_1854293239\">\n\t\t<div class=\"section-bg fill\" >\n\t\t\t\t\t\t\t\t\t\n\t\t\t\n\n\t\t<\/div>\n\n\t\t\n\n\t\t<div class=\"section-content relative\">\n\t\t\t\n<p>\n\t<div id=\"gap-1697442060\" class=\"gap-element clearfix\" style=\"display:block; height:auto;\">\n\t\t\n<style>\n#gap-1697442060 {\n  padding-top: 0px;\n}\n@media (min-width:550px) {\n  #gap-1697442060 {\n    padding-top: 0px;\n  }\n}\n@media (min-width:850px) {\n  #gap-1697442060 {\n    padding-top: 0px;\n  }\n}\n<\/style>\n\t<\/div>\n\t\n<p>\n\t<div id=\"stack-1546309313\" class=\"stack brand-logs-list stack-row justify-center items-center\">\n\t\t\n\t<div id=\"text-1627348646\" class=\"text\">\n\t\t\n<p>\n\t\t\t<\/div>\n\t\n\t<div class=\"img has-hover x md-x lg-x y md-y lg-y\" id=\"image_1153943218\">\n\t\t\t\t\t\t\t\t<div class=\"img-inner dark\" >\n\t\t\t<img loading=\"lazy\" decoding=\"async\" width=\"171\" height=\"28\" src=\"https:\/\/www.fairever-events.com\/wp-content\/uploads\/2021\/09\/Nuestros-clientes.png\" class=\"attachment-original size-original\" alt=\"\" \/>\t\t\t\t\t\t\n\t\t\t\t\t<\/div>\n\t\t\t\t\t\t\t\t\n<style>\n#image_1153943218 {\n  width: 100%;\n}\n<\/style>\n\t<\/div>\n\t\n\t<div id=\"text-4045128459\" class=\"text\">\n\t\t\n<p>\n\t\t\t<\/div>\n\t\n\t<div class=\"img has-hover x md-x lg-x y md-y lg-y\" id=\"image_339110772\">\n\t\t\t\t\t\t\t\t<div class=\"img-inner dark\" >\n\t\t\t<img loading=\"lazy\" decoding=\"async\" width=\"134\" height=\"32\" src=\"https:\/\/www.fairever-events.com\/wp-content\/uploads\/2021\/08\/bosch-1-logo-png-transparent.png\" class=\"attachment-large size-large\" alt=\"\" \/>\t\t\t\t\t\t\n\t\t\t\t\t<\/div>\n\t\t\t\t\t\t\t\t\n<style>\n#image_339110772 {\n  width: 100%;\n}\n<\/style>\n\t<\/div>\n\t\n\t<div id=\"text-3393295328\" class=\"text\">\n\t\t\n<p>\n\t\t\t<\/div>\n\t\n\t<div class=\"img has-hover x md-x lg-x y md-y lg-y\" id=\"image_486116054\">\n\t\t\t\t\t\t\t\t<div class=\"img-inner dark\" >\n\t\t\t<img loading=\"lazy\" decoding=\"async\" width=\"75\" height=\"72\" src=\"https:\/\/www.fairever-events.com\/wp-content\/uploads\/2021\/07\/Component-27-\u2013-1.png\" class=\"attachment-large size-large\" alt=\"\" \/>\t\t\t\t\t\t\n\t\t\t\t\t<\/div>\n\t\t\t\t\t\t\t\t\n<style>\n#image_486116054 {\n  width: 100%;\n}\n<\/style>\n\t<\/div>\n\t\n\t<div id=\"text-1687960396\" class=\"text\">\n\t\t\n<p>\n\t\t\t<\/div>\n\t\n\t<div class=\"img has-hover x md-x lg-x y md-y lg-y\" id=\"image_1853182906\">\n\t\t\t\t\t\t\t\t<div class=\"img-inner dark\" >\n\t\t\t<img loading=\"lazy\" decoding=\"async\" width=\"208\" height=\"32\" src=\"https:\/\/www.fairever-events.com\/wp-content\/uploads\/2021\/07\/Component-28-\u2013-1.png\" class=\"attachment-large size-large\" alt=\"\" \/>\t\t\t\t\t\t\n\t\t\t\t\t<\/div>\n\t\t\t\t\t\t\t\t\n<style>\n#image_1853182906 {\n  width: 100%;\n}\n<\/style>\n\t<\/div>\n\t\n\t<div id=\"text-24764374\" class=\"text\">\n\t\t\n<p>\n\t\t\t<\/div>\n\t\n\t<div class=\"img has-hover x md-x lg-x y md-y lg-y\" id=\"image_1218131719\">\n\t\t\t\t\t\t\t\t<div class=\"img-inner dark\" >\n\t\t\t<img loading=\"lazy\" decoding=\"async\" width=\"111\" height=\"88\" src=\"https:\/\/www.fairever-events.com\/wp-content\/uploads\/2021\/07\/967px-SEAT_Logo_from_2017.svg.png\" class=\"attachment-large size-large\" alt=\"\" \/>\t\t\t\t\t\t\n\t\t\t\t\t<\/div>\n\t\t\t\t\t\t\t\t\n<style>\n#image_1218131719 {\n  width: 100%;\n}\n<\/style>\n\t<\/div>\n\t\n\t<div id=\"text-4041031791\" class=\"text\">\n\t\t\n<p>\n\t\t\t<\/div>\n\t\n\t<div class=\"img has-hover x md-x lg-x y md-y lg-y\" id=\"image_539727394\">\n\t\t\t\t\t\t\t\t<div class=\"img-inner dark\" >\n\t\t\t<img loading=\"lazy\" decoding=\"async\" width=\"261\" height=\"41\" src=\"https:\/\/www.fairever-events.com\/wp-content\/uploads\/2021\/07\/Component-29-\u2013-1.png\" class=\"attachment-large size-large\" alt=\"\" \/>\t\t\t\t\t\t\n\t\t\t\t\t<\/div>\n\t\t\t\t\t\t\t\t\n<style>\n#image_539727394 {\n  width: 100%;\n}\n<\/style>\n\t<\/div>\n\t\n\t<div id=\"text-3773240029\" class=\"text\">\n\t\t\n<p>\n\t\t\t<\/div>\n\t\n\t<div class=\"img has-hover x md-x lg-x y md-y lg-y\" id=\"image_476894199\">\n\t\t\t\t\t\t\t\t<div class=\"img-inner dark\" style=\"margin:0px 0px 0px 0px;\">\n\t\t\t<img loading=\"lazy\" decoding=\"async\" width=\"209\" height=\"65\" src=\"https:\/\/www.fairever-events.com\/wp-content\/uploads\/2021\/07\/2000px-Berliner-wasserbetriebe.svg.png\" class=\"attachment-original size-original\" alt=\"\" \/>\t\t\t\t\t\t\n\t\t\t\t\t<\/div>\n\t\t\t\t\t\t\t\t\n<style>\n#image_476894199 {\n  width: 100%;\n}\n<\/style>\n\t<\/div>\n\t\n\t<div id=\"text-1601548978\" class=\"text\">\n\t\t\n<p>\n\t\t\t<\/div>\n\t\n\t\t\n<style>\n#stack-1546309313 > * {\n  --stack-gap: 1rem;\n}\n<\/style>\n\t<\/div>\n\t\n<\/p>\n\t<div id=\"gap-2053449123\" class=\"gap-element clearfix\" style=\"display:block; height:auto;\">\n\t\t\n<style>\n#gap-2053449123 {\n  padding-top: 0px;\n}\n@media (min-width:550px) {\n  #gap-2053449123 {\n    padding-top: 94px;\n  }\n}\n@media (min-width:850px) {\n  #gap-2053449123 {\n    padding-top: 0px;\n  }\n}\n<\/style>\n\t<\/div>\n\t\n\t\t<\/div>\n\n\t\t\n<style>\n#section_1854293239 {\n  padding-top: 0px;\n  padding-bottom: 0px;\n  background-color: rgb(243, 243, 243);\n}\n<\/style>\n\t<\/section>\n\t\n","protected":false},"excerpt":{"rendered":"","protected":false},"author":4,"featured_media":0,"parent":0,"menu_order":0,"comment_status":"closed","ping_status":"closed","template":"page-single-page-nav-transparent.php","meta":{"_acf_changed":false,"inline_featured_image":false,"footnotes":""},"class_list":["post-2985","page","type-page","status-publish","hentry"],"acf":[],"_links":{"self":[{"href":"https:\/\/www.fairever-events.com\/es\/wp-json\/wp\/v2\/pages\/2985","targetHints":{"allow":["GET"]}}],"collection":[{"href":"https:\/\/www.fairever-events.com\/es\/wp-json\/wp\/v2\/pages"}],"about":[{"href":"https:\/\/www.fairever-events.com\/es\/wp-json\/wp\/v2\/types\/page"}],"author":[{"embeddable":true,"href":"https:\/\/www.fairever-events.com\/es\/wp-json\/wp\/v2\/users\/4"}],"replies":[{"embeddable":true,"href":"https:\/\/www.fairever-events.com\/es\/wp-json\/wp\/v2\/comments?post=2985"}],"version-history":[{"count":0,"href":"https:\/\/www.fairever-events.com\/es\/wp-json\/wp\/v2\/pages\/2985\/revisions"}],"wp:attachment":[{"href":"https:\/\/www.fairever-events.com\/es\/wp-json\/wp\/v2\/media?parent=2985"}],"curies":[{"name":"wp","href":"https:\/\/api.w.org\/{rel}","templated":true}]}}