{"id":3057,"date":"2021-09-14T12:36:33","date_gmt":"2021-09-14T10:36:33","guid":{"rendered":"https:\/\/dev.fairever-events.com\/?page_id=3057"},"modified":"2021-09-15T17:36:16","modified_gmt":"2021-09-15T15:36:16","slug":"job-form","status":"publish","type":"page","link":"https:\/\/www.fairever-events.com\/es\/job-form\/","title":{"rendered":"job-form"},"content":{"rendered":"\n\t<section class=\"section\" id=\"section_494473189\">\n\t\t<div class=\"section-bg fill\" >\n\t\t\t\t\t\t\t\t\t\n\t\t\t\n\n\t\t<\/div>\n\n\t\t\n\n\t\t<div class=\"section-content relative\">\n\t\t\t\n<div class=\"row align-middle\"  id=\"row-2022908951\">\n\n\t<div id=\"col-1333848210\" class=\"col medium-1 small-12 large-1\"  >\n\t\t\t\t<div class=\"col-inner\"  >\n\t\t\t\n\t\t\t\n\t<div class=\"img has-hover contactlogo x md-x lg-x y md-y lg-y\" id=\"image_2048046800\">\n\t\t<a class=\"\" href=\"\/es\/fairpeople\" >\t\t\t\t\t\t<div class=\"img-inner dark\" >\n\t\t\t<img loading=\"lazy\" decoding=\"async\" width=\"29\" height=\"29\" src=\"https:\/\/www.fairever-events.com\/wp-content\/uploads\/2021\/07\/Component-28-\u2013-1-1.png\" class=\"attachment-large size-large\" alt=\"\" \/>\t\t\t\t\t\t\n\t\t\t\t\t<\/div>\n\t\t\t\t\t\t<\/a>\t\t\n<style>\n#image_2048046800 {\n  width: 100%;\n}\n<\/style>\n\t<\/div>\n\t\n\t\t<\/div>\n\t\t\t\t\n<style>\n#col-1333848210 > .col-inner {\n  margin: 0px 0px 30px 0px;\n}\n<\/style>\n\t<\/div>\n\n\t\n\n\t<div id=\"col-54868075\" class=\"col medium-5 small-12 large-5\"  >\n\t\t\t\t<div class=\"col-inner\"  >\n\t\t\t\n\t\t\t\n\t<div class=\"img has-hover contactlogo x md-x lg-x y md-y lg-y\" id=\"image_964791450\">\n\t\t<a class=\"\" href=\"\/\" >\t\t\t\t\t\t<div class=\"img-inner dark\" >\n\t\t\t<img loading=\"lazy\" decoding=\"async\" width=\"290\" height=\"87\" src=\"https:\/\/www.fairever-events.com\/wp-content\/uploads\/2021\/07\/Component-27-\u2013-1-1.png\" class=\"attachment-original size-original\" alt=\"\" \/>\t\t\t\t\t\t\n\t\t\t\t\t<\/div>\n\t\t\t\t\t\t<\/a>\t\t\n<style>\n#image_964791450 {\n  width: 100%;\n}\n<\/style>\n\t<\/div>\n\t\n\t\t<\/div>\n\t\t\t\t\n<style>\n#col-54868075 > .col-inner {\n  margin: 0px 0px 30px 0px;\n}\n<\/style>\n\t<\/div>\n\n\t\n\n\t<div id=\"col-1079989474\" class=\"col conact-list-right medium-8 small-12 large-6\"  >\n\t\t\t\t<div class=\"col-inner box-shadow-3\" style=\"background-color:rgb(255, 255, 255);\" >\n\t\t\t\n\t\t\t\n<ul class=\"over-link-mt\">\r\n \t<li class=\" phone-text\"><a class=\"tooltip tooltipstered\" href=\"tel:+49 30 89 74 26 90\">+49 30 89 74 26 90\r\n<\/a><\/li>\r\n \t<li class=\" email-text\"><a class=\"tooltip tooltipstered\" href=\"mailto:beratung@fairever.de\">beratung@fairever.de\r\n<\/a><\/li>\r\n<\/ul>\n\t\t<\/div>\n\t\t\t\t\n<style>\n#col-1079989474 > .col-inner {\n  border-radius: 100px;\n}\n<\/style>\n\t<\/div>\n\n\t\n<\/div>\n\t<div id=\"gap-1148570078\" class=\"gap-element clearfix\" style=\"display:block; height:auto;\">\n\t\t\n<style>\n#gap-1148570078 {\n  padding-top: 60px;\n}\n<\/style>\n\t<\/div>\n\t\n<div class=\"row align-center\"  id=\"row-1826992307\">\n\n\t<div id=\"col-2096424477\" class=\"col small-12 large-12\"  >\n\t\t\t\t<div class=\"col-inner\"  >\n\t\t\t\n\t\t\t\n\t<div id=\"text-2213955304\" class=\"text contact-heding\">\n\t\t\n<h1><em><strong><span style=\"color: #001a3c;\">Aplicaci\u00f3n<\/span><\/strong><\/em><\/h1>\n\t\t\t<\/div>\n\t\n\t\t<\/div>\n\t\t\t\t\t<\/div>\n\n\t\n<\/div>\n<div class=\"row\" style=\"max-width:1069px\" id=\"row-651555445\">\n\n\t<div id=\"col-1729253507\" class=\"col small-12 large-12\"  >\n\t\t\t\t<div class=\"col-inner\"  >\n\t\t\t\n\t\t\t\n\t<div id=\"text-2174990915\" class=\"text job-detail\">\n\t\t\n<p>\u00bfTe gustar\u00eda trabajar como azafata o anfitri\u00f3n? Con nosotros, tendr\u00e1 la oportunidad de trabajar con empresas de renombre en eventos emocionantes y para campa\u00f1as creativas.<\/p>\n<p class=\"p-us-itlaic\"><strong>Presente su solicitud ahora y reciba regularmente atractivas ofertas de trabajo. Ya ver\u00e1s: merece la pena.<\/strong><\/p>\n\t\t\t<\/div>\n\t\n\t\t<\/div>\n\t\t\t\t\n<style>\n#col-1729253507 > .col-inner {\n  margin: 60px 0px 100px 0px;\n}\n<\/style>\n\t<\/div>\n\n\t\n<\/div>\n<div class=\"row jobs-form-mt\" style=\"max-width:1143px\" id=\"row-1508150257\">\n\n\t<div id=\"col-561190040\" class=\"col small-12 large-12\"  >\n\t\t\t\t<div class=\"col-inner\"  >\n\t\t\t\n\t\t\t\n\n\t\t<\/div>\n\t\t\t\t\n<style>\n#col-561190040 > .col-inner {\n  max-width: 1143px;\n}\n<\/style>\n\t<\/div>\n\n\t\n<\/div>\n\t<div id=\"gap-1860956816\" class=\"gap-element clearfix\" style=\"display:block; height:auto;\">\n\t\t\n<style>\n#gap-1860956816 {\n  padding-top: 60px;\n}\n<\/style>\n\t<\/div>\n\t\n<div class=\"row\"  id=\"row-1217239327\">\n\n\t<div id=\"col-1837666836\" class=\"col small-12 large-12\"  >\n\t\t\t\t<div class=\"col-inner\"  >\n\t\t\t\n\t\t\t\n\t<div id=\"text-3319883870\" class=\"text contact-footer\">\n\t\t\n<p><span style=\"color: #001a3c;\"><strong>FAIR<\/strong><em>EVER<\/em> GmbH | Fasanenstra\u00dfe 34 | 10719 Berlin<\/span><\/p>\n\t\t\t<\/div>\n\t\n\t\t<\/div>\n\t\t\t\t\t<\/div>\n\n\t\n<\/div>\n\t\t<\/div>\n\n\t\t\n<style>\n#section_494473189 {\n  padding-top: 30px;\n  padding-bottom: 30px;\n  background-color: rgb(91, 255, 69);\n}\n<\/style>\n\t<\/section>\n\t\n","protected":false},"excerpt":{"rendered":"","protected":false},"author":4,"featured_media":0,"parent":0,"menu_order":0,"comment_status":"closed","ping_status":"closed","template":"page-blank-landingpage.php","meta":{"_acf_changed":false,"inline_featured_image":false,"footnotes":""},"class_list":["post-3057","page","type-page","status-publish","hentry"],"acf":[],"_links":{"self":[{"href":"https:\/\/www.fairever-events.com\/es\/wp-json\/wp\/v2\/pages\/3057","targetHints":{"allow":["GET"]}}],"collection":[{"href":"https:\/\/www.fairever-events.com\/es\/wp-json\/wp\/v2\/pages"}],"about":[{"href":"https:\/\/www.fairever-events.com\/es\/wp-json\/wp\/v2\/types\/page"}],"author":[{"embeddable":true,"href":"https:\/\/www.fairever-events.com\/es\/wp-json\/wp\/v2\/users\/4"}],"replies":[{"embeddable":true,"href":"https:\/\/www.fairever-events.com\/es\/wp-json\/wp\/v2\/comments?post=3057"}],"version-history":[{"count":0,"href":"https:\/\/www.fairever-events.com\/es\/wp-json\/wp\/v2\/pages\/3057\/revisions"}],"wp:attachment":[{"href":"https:\/\/www.fairever-events.com\/es\/wp-json\/wp\/v2\/media?parent=3057"}],"curies":[{"name":"wp","href":"https:\/\/api.w.org\/{rel}","templated":true}]}}